{"id":104,"date":"2016-04-05T17:23:23","date_gmt":"2016-04-05T17:23:23","guid":{"rendered":"http:\/\/www.coachq.org\/portal\/?page_id=104"},"modified":"2016-04-11T15:22:31","modified_gmt":"2016-04-11T15:22:31","slug":"directorio-de-coaches","status":"publish","type":"page","link":"https:\/\/www.coachq.org\/portal\/directorio-de-coaches\/","title":{"rendered":"Directorio de Coaches."},"content":{"rendered":"<div class=\"tmm tmm_111\"><div class=\"tmm_3_columns tmm_wrap tmm_plugin_f\"><span class=\"tmm_two_containers_tablet\"><\/span><div class=\"tmm_container\"><div class=\"tmm_member\" style=\"border-top:#dd3333 solid 5px;\"><div class=\"tmm_photo tmm_pic_111_0\" style=\"background: url(http:\/\/www.coachq.org\/portal\/wp-content\/uploads\/2016\/04\/Pilar-Campos.png); margin-left: auto; margin-right:auto; background-size:cover !important;\"><\/div><div class=\"tmm_textblock\"><div class=\"tmm_names\"><span class=\"tmm_fname\">Pilar <\/span> <span class=\"tmm_lname\">Campos Paniagua<\/span><\/div><div class=\"tmm_job\">Coach Q4 Certificada<\/div><div class=\"tmm_desc\" style=\"text-align:center\">Directa, energ\u00e9tica y profundamente comprometida con sus receptores de coaching! As\u00ed es Pilar Campos, Pay para los que la conocemos. Su amplia experiencia incluye certificaciones en LHEP\u2122 (Licensed Human Element Practitioner), Dr. Payaso y Lego Serious Play. <\/div><div class=\"tmm_scblock\"><a target=\"_blank\" class=\"tmm_sociallink\" href=\"http:\/\/twitter.com\/pilarcamposp\" title=\"\"><img decoding=\"async\" alt=\"\" src=\"https:\/\/www.coachq.org\/portal\/wp-content\/plugins\/team-members\/inc\/img\/links\/twitter.png\"\/><\/a><a target=\"_blank\" class=\"tmm_sociallink\" href=\"https:\/\/mx.linkedin.com\/in\/pilar-campos-paniagua-04ba1455\" title=\"\"><img decoding=\"async\" alt=\"\" src=\"https:\/\/www.coachq.org\/portal\/wp-content\/plugins\/team-members\/inc\/img\/links\/linkedin.png\"\/><\/a><\/div><\/div><\/div><div class=\"tmm_member\" style=\"border-top:#dd3333 solid 5px;\"><div class=\"tmm_photo tmm_pic_111_1\" style=\"background: url(http:\/\/www.coachq.org\/portal\/wp-content\/uploads\/2016\/04\/cris.jpg); margin-left: auto; margin-right:auto; background-size:cover !important;\"><\/div><div class=\"tmm_textblock\"><div class=\"tmm_names\"><span class=\"tmm_fname\">Cristina <\/span> <span class=\"tmm_lname\">G\u00f3mez Llamas<\/span><\/div><div class=\"tmm_job\">Coach Q4 Certificada<\/div><div class=\"tmm_desc\" style=\"text-align:center\">Cristina es profesional, anal\u00edtica y comprometida en su prop\u00f3sito de mejorar la vida de las personas con las que entra en contacto. Cuenta con 17 a\u00f1os de experiencia en consultor\u00eda, como especialista en proyectos de administraci\u00f3n del cambio y evoluci\u00f3n cultural en empresas p\u00fablicas y privadas. Tiene una certificaci\u00f3n en Coaching Ontol\u00f3gico y otra en Coaching Modelo Q, orientado a la productividad. Facilitador certificado en la metodolog\u00eda Lego Serious Play y Licensed Human Element Practitioner<\/div><div class=\"tmm_scblock\"><a target=\"_blank\" class=\"tmm_sociallink\" href=\"http:\/\/17%20a\u00f1os%20de%20experiencia%20realizando%20funciones%20gerenciales%20en%20la%20direcci\u00f3n%20de%20equipos%20de%20trabajo,%20dise\u00f1o%20y%20ejecuci\u00f3n%20de%20proyectos%20orientados%20al%20desarrollo%20organizacional%20con%20un%20claro%20enfoque%20en%20el%20capital%20humano.%20Especialista%20en%20proyectos%20de%20administraci\u00f3n%20del%20cambio%20y%20evoluci\u00f3n%20cultural,%20mediante%20el%20dise\u00f1o%20e%20implementaci\u00f3n%20de%20estrategias%20de%20capacitaci\u00f3n%20y%20desarrollo%20de%20personal,%20comunicaci\u00f3n,%20sensibilizaci\u00f3n,%20difusi\u00f3n,%20posicionamiento%20y%20alineaci\u00f3n%20de%20la%20alta%20direcci\u00f3n,%20en%20empresas%20p\u00fablicas%20y%20privadas.%20Tiene%20una%20certificaci\u00f3n%20en%20Coaching%20Ontol\u00f3gico%20y%20otra%20en%20Coaching%20Modelo%20Q,%20orientado%20a%20la%20productividad.%20Facilitador%20certificado%20en%20la%20metodolog\u00eda%20Lego%20Serious%20Play%20y%20Licensed%20Human%20Element%20Practitioner\" title=\"\"><img decoding=\"async\" alt=\"\" src=\"https:\/\/www.coachq.org\/portal\/wp-content\/plugins\/team-members\/inc\/img\/links\/linkedin.png\"\/><\/a><a target=\"_blank\" class=\"tmm_sociallink\" href=\"\" title=\"\"><img decoding=\"async\" alt=\"\" src=\"https:\/\/www.coachq.org\/portal\/wp-content\/plugins\/team-members\/inc\/img\/links\/twitter.png\"\/><\/a><\/div><\/div><\/div><span class=\"tmm_two_containers_tablet\"><\/span><div class=\"tmm_member\" style=\"border-top:#dd3333 solid 5px;\"><div class=\"tmm_photo tmm_pic_111_2\" style=\"background: url(http:\/\/www.coachq.org\/portal\/wp-content\/uploads\/2016\/04\/DSC02491-byn.png); margin-left: auto; margin-right:auto; background-size:cover !important;\"><\/div><div class=\"tmm_textblock\"><div class=\"tmm_names\"><span class=\"tmm_fname\">Daniel<\/span> <span class=\"tmm_lname\">Peralta Armas<\/span><\/div><div class=\"tmm_desc\" style=\"text-align:center\">Un coach din\u00e1mico y consistente, Daniel se centra en crear una relaci\u00f3n s\u00f3lida con sus receptores. Sus coaches tienden a consultarle en asuntos importante m\u00e1s all\u00e1 del tiempo del coaching. Su trayectoria de m\u00e1s de 27 a\u00f1os en educaci\u00f3n y consultor\u00eda lo ha llevado a ser l\u00edder de proyectos, rector universitario, coach de alta direcci\u00f3n y muchos programas m\u00e1s. <\/div><div class=\"tmm_scblock\"><a target=\"_blank\" class=\"tmm_sociallink\" href=\"https:\/\/mx.linkedin.com\/in\/danielperaltaarmas\" title=\"\"><img decoding=\"async\" alt=\"\" src=\"https:\/\/www.coachq.org\/portal\/wp-content\/plugins\/team-members\/inc\/img\/links\/linkedin.png\"\/><\/a><a class=\"tmm_sociallink\" href=\"mailto:&#100;an&#105;&#101;&#108;.&#112;&#101;r&#097;&#108;ta&#064;&#113;u&#105;d&#097;&#109;&#103;&#108;&#111;ba&#108;&#046;&#099;&#111;&#109;\" title=\"\"><img decoding=\"async\" alt=\"\" src=\"https:\/\/www.coachq.org\/portal\/wp-content\/plugins\/team-members\/inc\/img\/links\/email.png\"\/><\/a><\/div><\/div><\/div><\/div><span class=\"tmm_columns_containers_desktop\"><\/span><div class=\"tmm_container\"><div class=\"tmm_member\" style=\"border-top:#dd3333 solid 5px;\"><div class=\"tmm_photo tmm_pic_111_3\" style=\"background: url(http:\/\/www.coachq.org\/portal\/wp-content\/uploads\/2016\/04\/valero-foto-1.jpg); margin-left: auto; margin-right:auto; background-size:cover !important;\"><\/div><div class=\"tmm_textblock\"><div class=\"tmm_names\"><span class=\"tmm_fname\">Eduardo<\/span> <span class=\"tmm_lname\">Valero<\/span><\/div><div class=\"tmm_desc\" style=\"text-align:center\">Eduardo Valero es un hombre de gran cultura y muchos talentos, apasionado, amante de la m\u00fasica, distinguido Registrador Gr\u00e1fico, conferencista, LHEP\u2122 (Licensed Human Element Practitioner) y coach. Estudi\u00f3 las carreras de Psicolog\u00eda y Sistemas Computacionales Administrativos y el Master in Business Administration por parte del Instituto Panamericano de Alta Direcci\u00f3n de Empresa (IPADE). Es consultor calificado  por parte del Adizes Institute, Santa B\u00e1rabara California, en procesos de cambio acelerado y equipos de alto rendimiento en la empresa.  Coach Q y consultor en Quidam Global, Coach Ontol\u00f3gico Profesional certificado (Newfield Consulting). Es adem\u00e1s, Presidente del Centro de Amigos de Les Luthiers \u2013 Cap\u00edtulo M\u00e9xico entre muchas otras distinciones. \r\n<\/div><div class=\"tmm_scblock\"><a target=\"_blank\" class=\"tmm_sociallink\" href=\"https:\/\/www.linkedin.com\/in\/eduardovaleroldr?authType=NAME_SEARCH&#038;authToken=A0dw&#038;locale=en_US&#038;trk=tyah&#038;trkInfo=clickedVerticalmynetworkclickedEntityId124245131authTypeNAME_SEARCHidx1-1-1tarId1460391861568taseduardo\" title=\"\"><img decoding=\"async\" alt=\"\" src=\"https:\/\/www.coachq.org\/portal\/wp-content\/plugins\/team-members\/inc\/img\/links\/linkedin.png\"\/><\/a><a target=\"_blank\" class=\"tmm_sociallink\" href=\"\" title=\"\"><img decoding=\"async\" alt=\"\" src=\"https:\/\/www.coachq.org\/portal\/wp-content\/plugins\/team-members\/inc\/img\/links\/twitter.png\"\/><\/a><\/div><\/div><\/div><span class=\"tmm_two_containers_tablet\"><\/span><div class=\"tmm_member\" style=\"border-top:#dd3333 solid 5px;\"><div class=\"tmm_textblock\"><div class=\"tmm_names\"><span class=\"tmm_fname\">Laura Delia<\/span> <span class=\"tmm_lname\">Hays<\/span><\/div><div class=\"tmm_scblock\"><a target=\"_blank\" class=\"tmm_sociallink\" href=\"\" title=\"\"><img decoding=\"async\" alt=\"\" src=\"https:\/\/www.coachq.org\/portal\/wp-content\/plugins\/team-members\/inc\/img\/links\/linkedin.png\"\/><\/a><a target=\"_blank\" class=\"tmm_sociallink\" href=\"\" title=\"\"><img decoding=\"async\" alt=\"\" src=\"https:\/\/www.coachq.org\/portal\/wp-content\/plugins\/team-members\/inc\/img\/links\/twitter.png\"\/><\/a><\/div><\/div><\/div><div style=\"clear:both;\"><\/div><\/div><\/div><\/div>\n","protected":false},"excerpt":{"rendered":"","protected":false},"author":1,"featured_media":0,"parent":0,"menu_order":0,"comment_status":"closed","ping_status":"closed","template":"","meta":{"jetpack_post_was_ever_published":false,"footnotes":""},"class_list":["post-104","page","type-page","status-publish","hentry"],"jetpack_sharing_enabled":true,"jetpack_shortlink":"https:\/\/wp.me\/P5YQTZ-1G","_links":{"self":[{"href":"https:\/\/www.coachq.org\/portal\/wp-json\/wp\/v2\/pages\/104","targetHints":{"allow":["GET"]}}],"collection":[{"href":"https:\/\/www.coachq.org\/portal\/wp-json\/wp\/v2\/pages"}],"about":[{"href":"https:\/\/www.coachq.org\/portal\/wp-json\/wp\/v2\/types\/page"}],"author":[{"embeddable":true,"href":"https:\/\/www.coachq.org\/portal\/wp-json\/wp\/v2\/users\/1"}],"replies":[{"embeddable":true,"href":"https:\/\/www.coachq.org\/portal\/wp-json\/wp\/v2\/comments?post=104"}],"version-history":[{"count":2,"href":"https:\/\/www.coachq.org\/portal\/wp-json\/wp\/v2\/pages\/104\/revisions"}],"predecessor-version":[{"id":113,"href":"https:\/\/www.coachq.org\/portal\/wp-json\/wp\/v2\/pages\/104\/revisions\/113"}],"wp:attachment":[{"href":"https:\/\/www.coachq.org\/portal\/wp-json\/wp\/v2\/media?parent=104"}],"curies":[{"name":"wp","href":"https:\/\/api.w.org\/{rel}","templated":true}]}}